{"id":594,"date":"2017-01-12T13:31:58","date_gmt":"2017-01-12T13:31:58","guid":{"rendered":"http:\/\/montfort.bgl-net.de\/?page_id=594"},"modified":"2025-10-27T10:02:27","modified_gmt":"2025-10-27T10:02:27","slug":"zimmer","status":"publish","type":"page","link":"https:\/\/montfort-schloessle.de\/en\/wohnen\/zimmer\/","title":{"rendered":"Rooms"},"content":{"rendered":"<h3 class=\"lineh\">The Montfort Schl\u00f6ssle is an historic building with monument protection status and through that defined to existing room layout. This gives each room an individual layout with its own unique flair.<\/h3>\n<p>&nbsp;<\/p>\n<p>&nbsp;<\/p>\n<h1 style=\"text-align: center;\">ROOMS<\/h1>\n<p>&nbsp;<\/p>\n<div class=\"de_divider div-single\"><\/div>\n<div class=\"row\">\n<div class=\"inner\">\n<div class=\"col-md-4\">\n<div class=\"pic_hover\">\n<p><img decoding=\"async\" class=\"wp-image-4257 size-medium\" src=\"http:\/\/montfort-schloessle.de\/wp-content\/uploads\/2020\/12\/ZI-06-WOHN-0309_900x600-1-300x200.jpg\" alt=\"Einzelzimmer-1.Etage-Montfort-Schloessle\" width=\"800\" height=\"533\" srcset=\"https:\/\/montfort-schloessle.de\/wp-content\/uploads\/2020\/12\/ZI-06-WOHN-0309_900x600-1-300x200.jpg 300w, https:\/\/montfort-schloessle.de\/wp-content\/uploads\/2020\/12\/ZI-06-WOHN-0309_900x600-1-768x512.jpg 768w, https:\/\/montfort-schloessle.de\/wp-content\/uploads\/2020\/12\/ZI-06-WOHN-0309_900x600-1-600x400.jpg 600w, https:\/\/montfort-schloessle.de\/wp-content\/uploads\/2020\/12\/ZI-06-WOHN-0309_900x600-1-2x1.jpg 2w, https:\/\/montfort-schloessle.de\/wp-content\/uploads\/2020\/12\/ZI-06-WOHN-0309_900x600-1.jpg 900w\" sizes=\"(max-width: 800px) 100vw, 800px\" \/><\/p>\n<\/div>\n<\/div>\n<div class=\"col-md-4\">\n<div class=\"text\">\n<h3>Single Rooms<\/h3>\n<p>Comfortable and stylish living with a dream view of Lake Constance and the Alps. Absolutely unique.<br \/>\nSize: 12-14 qm, Dream location: South,<br \/>\nFeeling well for 1 person<\/p>\n<p><a class=\"btn-custom-2\" href=\"https:\/\/montfort-schloessle.de\/en\/room\/einzelzimmer\/\">View Room Details<\/a>&nbsp;<a class=\"btn-custom-3\" href=\"https:\/\/ibev5.hotels-online-buchen.de\/ibe\/montfortschloesslelindau\" target=\"_blank\" rel=\"noopener\">Book Now<\/a><\/p>\n<\/div>\n<\/div>\n<\/div>\n<div class=\"col-md-4\">\n<h4>Prices:<\/h4>\n<p><strong>Room price including breakfast and currently applicable VAT tax. Exclusive local visitor\u00b4s tax.<\/strong><\/p>\n<h4><strong>From* 123 \u20ac\/Per night<\/strong><\/h4>\n<div><span lang=\"EN-US\">\u00a0* Prices vary depending on length of stay &amp; season <\/span><\/div>\n<\/div>\n<\/div>\n<div class=\"de_divider div-single\">\n<\/div>\n<div class=\"row\">\n<div class=\"inner\">\n<div class=\"col-md-4\">\n<div class=\"pic_hover\">\n<p><img loading=\"lazy\" decoding=\"async\" class=\"alignnone wp-image-771 size-full\" src=\"https:\/\/montfort.bgl-net.de\/wp-content\/uploads\/2013\/10\/Montfort_Schloessle_Doppelzimmer_1.jpg\" width=\"800\" height=\"533\" srcset=\"https:\/\/montfort-schloessle.de\/wp-content\/uploads\/2013\/10\/Montfort_Schloessle_Doppelzimmer_1.jpg 800w, https:\/\/montfort-schloessle.de\/wp-content\/uploads\/2013\/10\/Montfort_Schloessle_Doppelzimmer_1-300x200.jpg 300w, https:\/\/montfort-schloessle.de\/wp-content\/uploads\/2013\/10\/Montfort_Schloessle_Doppelzimmer_1-768x512.jpg 768w, https:\/\/montfort-schloessle.de\/wp-content\/uploads\/2013\/10\/Montfort_Schloessle_Doppelzimmer_1-600x400.jpg 600w, https:\/\/montfort-schloessle.de\/wp-content\/uploads\/2013\/10\/Montfort_Schloessle_Doppelzimmer_1-2x1.jpg 2w\" sizes=\"(max-width: 800px) 100vw, 800px\" \/><\/p>\n<\/div>\n<\/div>\n<div class=\"col-md-4\">\n<div class=\"text\">\n<h3>Double Rooms<\/h3>\n<p>Comfortable and stylish living \u00a0with a dream view of Lake Constance and the Alps. Absolutely unique. Room sizes Economy (16 QM) und Comfort ( 20 QM), Dream location: South\/South-West, Feeling well for 2 persons<\/p>\n<p><a class=\"btn-custom-2\" href=\"http:\/\/montfort-schloessle.de\/room\/doppelzimmer\/\">View Room Details<\/a>&nbsp;<a class=\"btn-custom-3\" href=\"https:\/\/ibev5.hotels-online-buchen.de\/ibe\/montfortschloesslelindau\" target=\"_blank\" rel=\"noopener\">Book Now<\/a><\/p>\n<\/div>\n<\/div>\n<\/div>\n<div class=\"col-md-4\">\n<h4>Prices:<\/h4>\n<p><strong>Room price (2 pers.) including breakfast and currently applicable VAT tax. Exclusive local visitor\u00b4s tax.<\/strong><\/p>\n<h4><strong>From*185 \u20ac\/From* 195 \u20ac\/Per night<\/strong><\/h4>\n<div><span lang=\"EN-US\">\u00a0* Prices vary depending on Size, length of stay &amp; season <\/span><\/div>\n<\/div>\n<\/div>","protected":false},"excerpt":{"rendered":"<p>The Montfort Schl\u00f6ssle is an historic building with monument protection status and through that defined to existing room layout. This gives each room an individual layout with its own unique flair. &nbsp; &nbsp; ROOMS &nbsp; Single Rooms Comfortable and stylish living with a dream view of Lake Constance and the Alps. Absolutely unique. Size: 12-14 [&hellip;]<\/p>\n","protected":false},"author":1,"featured_media":0,"parent":4799,"menu_order":1,"comment_status":"closed","ping_status":"closed","template":"","meta":{"footnotes":""},"class_list":["post-594","page","type-page","status-publish","hentry"],"yoast_head":"<!-- This site is optimized with the Yoast SEO plugin v27.3 - https:\/\/yoast.com\/product\/yoast-seo-wordpress\/ -->\n<title>Rooms - Montfort Schl\u00f6ssle<\/title>\n<meta name=\"description\" content=\"Das Montfort-Schl\u00f6ssle ist ein denkmalgesch\u00fctztes Geb\u00e4ude und in der Raumaufteilung an gegebene Strukturen gebunden. Hieraus ergeben sich bei den Zimmern unterschiedliche Raumformate. Diese verleihen jedem Zimmer sein ganz eigenes Flair.\" \/>\n<meta name=\"robots\" content=\"index, follow, max-snippet:-1, max-image-preview:large, max-video-preview:-1\" \/>\n<link rel=\"canonical\" href=\"https:\/\/montfort-schloessle.de\/wohnen\/zimmer\/\" \/>\n<meta property=\"og:locale\" content=\"en_US\" \/>\n<meta property=\"og:type\" content=\"article\" \/>\n<meta property=\"og:title\" content=\"[:de]Zimmer[:en]Rooms[:] - Montfort Schl\u00f6ssle\" \/>\n<meta property=\"og:description\" content=\"Das Montfort-Schl\u00f6ssle ist ein denkmalgesch\u00fctztes Geb\u00e4ude und in der Raumaufteilung an gegebene Strukturen gebunden. Hieraus ergeben sich bei den Zimmern unterschiedliche Raumformate. Diese verleihen jedem Zimmer sein ganz eigenes Flair.\" \/>\n<meta property=\"og:url\" content=\"https:\/\/montfort-schloessle.de\/wohnen\/zimmer\/\" \/>\n<meta property=\"og:site_name\" content=\"Montfort Schl\u00f6ssle\" \/>\n<meta property=\"article:modified_time\" content=\"2025-10-27T10:02:27+00:00\" \/>\n<meta property=\"og:image\" content=\"http:\/\/montfort-schloessle.de\/wp-content\/uploads\/2020\/12\/ZI-06-WOHN-0309_900x600-1.jpg\" \/>\n<meta name=\"twitter:card\" content=\"summary_large_image\" \/>\n<meta name=\"twitter:label1\" content=\"Est. reading time\" \/>\n\t<meta name=\"twitter:data1\" content=\"3 minutes\" \/>\n<script type=\"application\/ld+json\" class=\"yoast-schema-graph\">{\"@context\":\"https:\\\/\\\/schema.org\",\"@graph\":[{\"@type\":\"WebPage\",\"@id\":\"https:\\\/\\\/montfort-schloessle.de\\\/wohnen\\\/zimmer\\\/\",\"url\":\"https:\\\/\\\/montfort-schloessle.de\\\/wohnen\\\/zimmer\\\/\",\"name\":\"[:de]Zimmer[:en]Rooms[:] - Montfort Schl\u00f6ssle\",\"isPartOf\":{\"@id\":\"https:\\\/\\\/montfort-schloessle.de\\\/#website\"},\"primaryImageOfPage\":{\"@id\":\"https:\\\/\\\/montfort-schloessle.de\\\/wohnen\\\/zimmer\\\/#primaryimage\"},\"image\":{\"@id\":\"https:\\\/\\\/montfort-schloessle.de\\\/wohnen\\\/zimmer\\\/#primaryimage\"},\"thumbnailUrl\":\"http:\\\/\\\/montfort-schloessle.de\\\/wp-content\\\/uploads\\\/2020\\\/12\\\/ZI-06-WOHN-0309_900x600-1.jpg\",\"datePublished\":\"2017-01-12T13:31:58+00:00\",\"dateModified\":\"2025-10-27T10:02:27+00:00\",\"description\":\"Das Montfort-Schl\u00f6ssle ist ein denkmalgesch\u00fctztes Geb\u00e4ude und in der Raumaufteilung an gegebene Strukturen gebunden. Hieraus ergeben sich bei den Zimmern unterschiedliche Raumformate. Diese verleihen jedem Zimmer sein ganz eigenes Flair.\",\"breadcrumb\":{\"@id\":\"https:\\\/\\\/montfort-schloessle.de\\\/wohnen\\\/zimmer\\\/#breadcrumb\"},\"inLanguage\":\"en-US\",\"potentialAction\":[{\"@type\":\"ReadAction\",\"target\":[\"https:\\\/\\\/montfort-schloessle.de\\\/wohnen\\\/zimmer\\\/\"]}]},{\"@type\":\"ImageObject\",\"inLanguage\":\"en-US\",\"@id\":\"https:\\\/\\\/montfort-schloessle.de\\\/wohnen\\\/zimmer\\\/#primaryimage\",\"url\":\"http:\\\/\\\/montfort-schloessle.de\\\/wp-content\\\/uploads\\\/2020\\\/12\\\/ZI-06-WOHN-0309_900x600-1.jpg\",\"contentUrl\":\"http:\\\/\\\/montfort-schloessle.de\\\/wp-content\\\/uploads\\\/2020\\\/12\\\/ZI-06-WOHN-0309_900x600-1.jpg\"},{\"@type\":\"BreadcrumbList\",\"@id\":\"https:\\\/\\\/montfort-schloessle.de\\\/wohnen\\\/zimmer\\\/#breadcrumb\",\"itemListElement\":[{\"@type\":\"ListItem\",\"position\":1,\"name\":\"Home\",\"item\":\"https:\\\/\\\/montfort-schloessle.de\\\/\"},{\"@type\":\"ListItem\",\"position\":2,\"name\":\"Wohnen\",\"item\":\"https:\\\/\\\/montfort-schloessle.de\\\/wohnen\\\/\"},{\"@type\":\"ListItem\",\"position\":3,\"name\":\"Zimmer\"}]},{\"@type\":\"WebSite\",\"@id\":\"https:\\\/\\\/montfort-schloessle.de\\\/#website\",\"url\":\"https:\\\/\\\/montfort-schloessle.de\\\/\",\"name\":\"Montfort Schl\u00f6ssle\",\"description\":\"Hotel, Gasthof, Uebernachtung\",\"potentialAction\":[{\"@type\":\"SearchAction\",\"target\":{\"@type\":\"EntryPoint\",\"urlTemplate\":\"https:\\\/\\\/montfort-schloessle.de\\\/?s={search_term_string}\"},\"query-input\":{\"@type\":\"PropertyValueSpecification\",\"valueRequired\":true,\"valueName\":\"search_term_string\"}}],\"inLanguage\":\"en-US\"}]}<\/script>\n<!-- \/ Yoast SEO plugin. -->","yoast_head_json":{"title":"[:de]Zimmer[:en]Rooms[:] - Montfort Schl\u00f6ssle","description":"Das Montfort-Schl\u00f6ssle ist ein denkmalgesch\u00fctztes Geb\u00e4ude und in der Raumaufteilung an gegebene Strukturen gebunden. Hieraus ergeben sich bei den Zimmern unterschiedliche Raumformate. Diese verleihen jedem Zimmer sein ganz eigenes Flair.","robots":{"index":"index","follow":"follow","max-snippet":"max-snippet:-1","max-image-preview":"max-image-preview:large","max-video-preview":"max-video-preview:-1"},"canonical":"https:\/\/montfort-schloessle.de\/wohnen\/zimmer\/","og_locale":"en_US","og_type":"article","og_title":"[:de]Zimmer[:en]Rooms[:] - Montfort Schl\u00f6ssle","og_description":"Das Montfort-Schl\u00f6ssle ist ein denkmalgesch\u00fctztes Geb\u00e4ude und in der Raumaufteilung an gegebene Strukturen gebunden. Hieraus ergeben sich bei den Zimmern unterschiedliche Raumformate. Diese verleihen jedem Zimmer sein ganz eigenes Flair.","og_url":"https:\/\/montfort-schloessle.de\/wohnen\/zimmer\/","og_site_name":"Montfort Schl\u00f6ssle","article_modified_time":"2025-10-27T10:02:27+00:00","og_image":[{"url":"http:\/\/montfort-schloessle.de\/wp-content\/uploads\/2020\/12\/ZI-06-WOHN-0309_900x600-1.jpg","type":"","width":"","height":""}],"twitter_card":"summary_large_image","twitter_misc":{"Est. reading time":"3 minutes"},"schema":{"@context":"https:\/\/schema.org","@graph":[{"@type":"WebPage","@id":"https:\/\/montfort-schloessle.de\/wohnen\/zimmer\/","url":"https:\/\/montfort-schloessle.de\/wohnen\/zimmer\/","name":"[:de]Zimmer[:en]Rooms[:] - Montfort Schl\u00f6ssle","isPartOf":{"@id":"https:\/\/montfort-schloessle.de\/#website"},"primaryImageOfPage":{"@id":"https:\/\/montfort-schloessle.de\/wohnen\/zimmer\/#primaryimage"},"image":{"@id":"https:\/\/montfort-schloessle.de\/wohnen\/zimmer\/#primaryimage"},"thumbnailUrl":"http:\/\/montfort-schloessle.de\/wp-content\/uploads\/2020\/12\/ZI-06-WOHN-0309_900x600-1.jpg","datePublished":"2017-01-12T13:31:58+00:00","dateModified":"2025-10-27T10:02:27+00:00","description":"Das Montfort-Schl\u00f6ssle ist ein denkmalgesch\u00fctztes Geb\u00e4ude und in der Raumaufteilung an gegebene Strukturen gebunden. Hieraus ergeben sich bei den Zimmern unterschiedliche Raumformate. Diese verleihen jedem Zimmer sein ganz eigenes Flair.","breadcrumb":{"@id":"https:\/\/montfort-schloessle.de\/wohnen\/zimmer\/#breadcrumb"},"inLanguage":"en-US","potentialAction":[{"@type":"ReadAction","target":["https:\/\/montfort-schloessle.de\/wohnen\/zimmer\/"]}]},{"@type":"ImageObject","inLanguage":"en-US","@id":"https:\/\/montfort-schloessle.de\/wohnen\/zimmer\/#primaryimage","url":"http:\/\/montfort-schloessle.de\/wp-content\/uploads\/2020\/12\/ZI-06-WOHN-0309_900x600-1.jpg","contentUrl":"http:\/\/montfort-schloessle.de\/wp-content\/uploads\/2020\/12\/ZI-06-WOHN-0309_900x600-1.jpg"},{"@type":"BreadcrumbList","@id":"https:\/\/montfort-schloessle.de\/wohnen\/zimmer\/#breadcrumb","itemListElement":[{"@type":"ListItem","position":1,"name":"Home","item":"https:\/\/montfort-schloessle.de\/"},{"@type":"ListItem","position":2,"name":"Wohnen","item":"https:\/\/montfort-schloessle.de\/wohnen\/"},{"@type":"ListItem","position":3,"name":"Zimmer"}]},{"@type":"WebSite","@id":"https:\/\/montfort-schloessle.de\/#website","url":"https:\/\/montfort-schloessle.de\/","name":"Montfort Schl\u00f6ssle","description":"Hotel, Gasthof, Uebernachtung","potentialAction":[{"@type":"SearchAction","target":{"@type":"EntryPoint","urlTemplate":"https:\/\/montfort-schloessle.de\/?s={search_term_string}"},"query-input":{"@type":"PropertyValueSpecification","valueRequired":true,"valueName":"search_term_string"}}],"inLanguage":"en-US"}]}},"_links":{"self":[{"href":"https:\/\/montfort-schloessle.de\/en\/wp-json\/wp\/v2\/pages\/594","targetHints":{"allow":["GET"]}}],"collection":[{"href":"https:\/\/montfort-schloessle.de\/en\/wp-json\/wp\/v2\/pages"}],"about":[{"href":"https:\/\/montfort-schloessle.de\/en\/wp-json\/wp\/v2\/types\/page"}],"author":[{"embeddable":true,"href":"https:\/\/montfort-schloessle.de\/en\/wp-json\/wp\/v2\/users\/1"}],"replies":[{"embeddable":true,"href":"https:\/\/montfort-schloessle.de\/en\/wp-json\/wp\/v2\/comments?post=594"}],"version-history":[{"count":17,"href":"https:\/\/montfort-schloessle.de\/en\/wp-json\/wp\/v2\/pages\/594\/revisions"}],"predecessor-version":[{"id":9029,"href":"https:\/\/montfort-schloessle.de\/en\/wp-json\/wp\/v2\/pages\/594\/revisions\/9029"}],"up":[{"embeddable":true,"href":"https:\/\/montfort-schloessle.de\/en\/wp-json\/wp\/v2\/pages\/4799"}],"wp:attachment":[{"href":"https:\/\/montfort-schloessle.de\/en\/wp-json\/wp\/v2\/media?parent=594"}],"curies":[{"name":"wp","href":"https:\/\/api.w.org\/{rel}","templated":true}]}}