{"id":4817,"date":"2021-02-25T16:23:59","date_gmt":"2021-02-25T16:23:59","guid":{"rendered":"https:\/\/www.montfort-schloessle.de\/?page_id=4817"},"modified":"2025-10-27T10:16:22","modified_gmt":"2025-10-27T10:16:22","slug":"appartments","status":"publish","type":"page","link":"https:\/\/montfort-schloessle.de\/en\/wohnen\/appartments\/","title":{"rendered":"Apartments"},"content":{"rendered":"<h3 class=\"lineh\">The Montfort Schl\u00f6ssle is an historic building with monument protection status and through that defined to existing room layout. This gives each room an individual layout with its own unique flair.<\/h3>\n<p>&nbsp;<\/p>\n<p>&nbsp;<\/p>\n<h1 style=\"text-align: center;\">Family Apartments<\/h1>\n<p>&nbsp;<\/p>\n<div class=\"de_divider div-single\"><\/div>\n<div class=\"row\">\n<div class=\"inner\">\n<div class=\"col-md-4\">\n<div class=\"pic_hover\">\n<p><img loading=\"lazy\" decoding=\"async\" class=\"size-full wp-image-4295\" src=\"http:\/\/montfort-schloessle.de\/wp-content\/uploads\/2020\/12\/ZI-3-SCHLAF-0995_Monfort-Schloessle-WEB-2021-1-e1609183046775.jpg\" alt=\"Junior-Suite Superior\" width=\"800\" height=\"533\" \/><\/p>\n<\/div>\n<\/div>\n<div class=\"col-md-4\">\n<div class=\"text\">\n<h3>Apartment N\u00b03<\/h3>\n<p>The Apartment N\u00b03 (36 M2) is located on the 1st floor offers a panoramic view of Lake Constance and the Alps.<\/p>\n<p><a class=\"btn-custom-2\" href=\"\/en\/room\/apartment-n3\/\">See Apartment Detail<\/a>&nbsp;<a class=\"btn-custom-4\" href=\"https:\/\/montfort-schloessle.de\/en\/anfrage\/\" rel=\"noopener\">Request Now<\/a><\/p>\n<\/div>\n<\/div>\n<\/div>\n<div class=\"col-md-4\">\n<h4>Prices:<\/h4>\n<p><strong>Apartment price (2 pers.) Without breakfast . Including final cleaning and currently applicable VAT tax.<\/strong><\/p>\n<h4><strong>From* 195 \u20ac \/ Per night<br \/>\n<\/strong><\/h4>\n<div><span lang=\"EN-US\">* Prices vary depending on length of stay &amp; season <\/span><\/div>\n<\/div>\n<\/div>\n<div class=\"de_divider div-single\"><\/div>\n<div class=\"row\">\n<div class=\"inner\">\n<div class=\"col-md-4\">\n<div class=\"pic_hover\">\n<p><img decoding=\"async\" class=\"size-full wp-image-5783\" src=\"http:\/\/montfort-schloessle.de\/wp-content\/uploads\/2022\/03\/Family-Suite_3.0_Montfort-Schloessle.jpg\" alt=\"\" width=\"900\" height=\"600\" srcset=\"https:\/\/montfort-schloessle.de\/wp-content\/uploads\/2022\/03\/Family-Suite_3.0_Montfort-Schloessle.jpg 900w, https:\/\/montfort-schloessle.de\/wp-content\/uploads\/2022\/03\/Family-Suite_3.0_Montfort-Schloessle-300x200.jpg 300w, https:\/\/montfort-schloessle.de\/wp-content\/uploads\/2022\/03\/Family-Suite_3.0_Montfort-Schloessle-768x512.jpg 768w, https:\/\/montfort-schloessle.de\/wp-content\/uploads\/2022\/03\/Family-Suite_3.0_Montfort-Schloessle-600x400.jpg 600w, https:\/\/montfort-schloessle.de\/wp-content\/uploads\/2022\/03\/Family-Suite_3.0_Montfort-Schloessle-2x1.jpg 2w\" sizes=\"(max-width: 900px) 100vw, 900px\" \/><\/p>\n<\/div>\n<\/div>\n<div class=\"col-md-4\">\n<div class=\"text\">\n<h3>Apartment N\u00b03 Family<\/h3>\n<p>The Family Apartment N\u00b03\u00a0 (56 M2) is located on the 1st floor offers a panoramic view of Lake Constance and the Alps.<\/p>\n<p><a class=\"btn-custom-2\" href=\"\/en\/room\/apartment-n3-family\/\">See Apartment Detail<\/a>&nbsp;<a class=\"btn-custom-4\" href=\"https:\/\/montfort-schloessle.de\/en\/anfrage\/\" rel=\"noopener\">Request Now<\/a><\/p>\n<\/div>\n<\/div>\n<\/div>\n<div class=\"col-md-4\">\n<h4>Prices:<\/h4>\n<p><strong>Apartment price (4 pers.) Without breakfast . Including final cleaning and currently applicable VAT tax.<\/strong><\/p>\n<h4><strong>From* on request \u20ac<\/strong><strong>\u00a0\/ Per night<br \/>\n<\/strong><\/h4>\n<div><span lang=\"EN-US\">* Prices vary depending on length of stay &amp; season <\/span><\/div>\n<\/div>\n<\/div>\n<div class=\"de_divider div-single\"><\/div>\n<div class=\"row\">\n<div class=\"inner\">\n<div class=\"col-md-4\">\n<div class=\"pic_hover\">\n<p><img loading=\"lazy\" decoding=\"async\" class=\"wp-image-1511 size-full\" src=\"http:\/\/montfort-schloessle.de\/wp-content\/uploads\/2020\/12\/Zi-9-0417_Schlafzimmer-Monfort-Schloessle.jpg\" alt=\"Junior-Suite Comfort\" width=\"800\" height=\"533\" \/><\/p>\n<\/div>\n<\/div>\n<div class=\"col-md-4\">\n<div class=\"text\">\n<h3>Apartment N\u00b09<\/h3>\n<p>The Apartment N\u00b09 (30 M2) is located on the 2nd floor offers a panoramic view of Lake Constance and the Alps.<\/p>\n<p><a class=\"btn-custom-2\" href=\"\/en\/room\/apartment-n9\/\">See Apartment Detail<\/a>&nbsp;<a class=\"btn-custom-4\" href=\"https:\/\/montfort-schloessle.de\/en\/anfrage\/\" rel=\"noopener\">Request Now<\/a><\/p>\n<\/div>\n<\/div>\n<\/div>\n<div class=\"col-md-4\">\n<h4>Prices:<\/h4>\n<p><strong>Apartment price (2 pers.) Without breakfast . Including final cleaning and currently applicable VAT tax.<\/strong><\/p>\n<h4><strong>From* 185 \u20ac \/ Per night<br \/>\n<\/strong><\/h4>\n<div><span lang=\"EN-US\">* Prices vary depending on length of stay &amp; season <\/span><\/div>\n<\/div>\n<\/div>\n<div class=\"de_divider div-single\"><\/div>\n<div class=\"row\">\n<div class=\"inner\">\n<div class=\"col-md-4\">\n<div class=\"pic_hover\">\n<p><img loading=\"lazy\" decoding=\"async\" class=\"size-full wp-image-5781\" src=\"http:\/\/montfort-schloessle.de\/wp-content\/uploads\/2022\/03\/Family-Suite_9.1_Montfort-Schloessle.jpg\" alt=\"\" width=\"800\" height=\"533\" srcset=\"https:\/\/montfort-schloessle.de\/wp-content\/uploads\/2022\/03\/Family-Suite_9.1_Montfort-Schloessle.jpg 900w, https:\/\/montfort-schloessle.de\/wp-content\/uploads\/2022\/03\/Family-Suite_9.1_Montfort-Schloessle-300x200.jpg 300w, https:\/\/montfort-schloessle.de\/wp-content\/uploads\/2022\/03\/Family-Suite_9.1_Montfort-Schloessle-768x512.jpg 768w, https:\/\/montfort-schloessle.de\/wp-content\/uploads\/2022\/03\/Family-Suite_9.1_Montfort-Schloessle-600x400.jpg 600w, https:\/\/montfort-schloessle.de\/wp-content\/uploads\/2022\/03\/Family-Suite_9.1_Montfort-Schloessle-2x1.jpg 2w\" sizes=\"(max-width: 800px) 100vw, 800px\" \/><\/p>\n<\/div>\n<\/div>\n<div class=\"col-md-4\">\n<div class=\"text\">\n<h3>Apartment N\u00b09 Family<\/h3>\n<p>The Family Apartment N\u00b09 (50 M2) is located on the 2nd floor offers a panoramic view of Lake Constance and the Alps.<\/p>\n<p><a class=\"btn-custom-2\" href=\"\/en\/room\/apartment-n9-family\/\">See Apartment Detail<\/a>&nbsp;<a class=\"btn-custom-4\" href=\"https:\/\/montfort-schloessle.de\/en\/anfrage\/\" rel=\"noopener\">Request Now<\/a><\/p>\n<\/div>\n<\/div>\n<\/div>\n<div class=\"col-md-4\">\n<h4>Prices:<\/h4>\n<p><strong>Apartment price (4 pers.) Without breakfast . Including final cleaning and currently applicable VAT tax.<\/strong><\/p>\n<h4><strong>From* 310 \u20ac \/ Per night<br \/>\n<\/strong><\/h4>\n<div><span lang=\"EN-US\">* Prices vary depending on length of stay &amp; season <\/span><\/div>\n<\/div>\n<\/div>\n<div class=\"de_divider div-single\"><\/div>\n<div class=\"row\">\n<div class=\"inner\">\n<div class=\"col-md-4\">\n<div class=\"pic_hover\">\n<p><img loading=\"lazy\" decoding=\"async\" class=\"alignnone size-full wp-image-6339\" src=\"http:\/\/montfort-schloessle.de\/wp-content\/uploads\/2022\/06\/Montfort_Schloessle_N15_Schlafzimmer.jpg\" alt=\"\" width=\"900\" height=\"600\" srcset=\"https:\/\/montfort-schloessle.de\/wp-content\/uploads\/2022\/06\/Montfort_Schloessle_N15_Schlafzimmer.jpg 900w, https:\/\/montfort-schloessle.de\/wp-content\/uploads\/2022\/06\/Montfort_Schloessle_N15_Schlafzimmer-300x200.jpg 300w, https:\/\/montfort-schloessle.de\/wp-content\/uploads\/2022\/06\/Montfort_Schloessle_N15_Schlafzimmer-768x512.jpg 768w, https:\/\/montfort-schloessle.de\/wp-content\/uploads\/2022\/06\/Montfort_Schloessle_N15_Schlafzimmer-600x400.jpg 600w, https:\/\/montfort-schloessle.de\/wp-content\/uploads\/2022\/06\/Montfort_Schloessle_N15_Schlafzimmer-2x1.jpg 2w\" sizes=\"(max-width: 900px) 100vw, 900px\" \/><\/p>\n<\/div>\n<\/div>\n<div class=\"col-md-4\">\n<div class=\"text\">\n<h3>Apartment N\u00b015<\/h3>\n<p>The Apartment N\u00b015 (36 M2) is located on the 2nd floor offers a panoramic view of Lake Constance and the Alps.<\/p>\n<p><a class=\"btn-custom-2\" href=\"\/en\/room\/apartment-n15\/\">See Apartment Detail<\/a>&nbsp;<a class=\"btn-custom-4\" href=\"https:\/\/montfort-schloessle.de\/en\/anfrage\/\" rel=\"noopener\">Request Now<\/a><\/p>\n<\/div>\n<\/div>\n<\/div>\n<div class=\"col-md-4\">\n<h4>Prices:<\/h4>\n<p><strong>Apartment price (2 pers.) Without breakfast . Including final cleaning and currently applicable VAT tax.<\/strong><\/p>\n<h4><strong>From* 195 \u20ac \/ Per night<br \/>\n<\/strong><\/h4>\n<div><span lang=\"EN-US\">* Prices vary depending on length of stay &amp; season <\/span><\/div>\n<\/div>\n<\/div>\n<div class=\"de_divider div-single\"><\/div>\n<div class=\"row\">\n<div class=\"inner\">\n<div class=\"col-md-4\">\n<div class=\"pic_hover\">\n<p><img loading=\"lazy\" decoding=\"async\" class=\"alignnone size-full wp-image-6153\" src=\"http:\/\/montfort-schloessle.de\/wp-content\/uploads\/2022\/04\/Montfort-Schloessle_Suite_15.1.jpg\" alt=\"\" width=\"900\" height=\"600\" srcset=\"https:\/\/montfort-schloessle.de\/wp-content\/uploads\/2022\/04\/Montfort-Schloessle_Suite_15.1.jpg 900w, https:\/\/montfort-schloessle.de\/wp-content\/uploads\/2022\/04\/Montfort-Schloessle_Suite_15.1-300x200.jpg 300w, https:\/\/montfort-schloessle.de\/wp-content\/uploads\/2022\/04\/Montfort-Schloessle_Suite_15.1-768x512.jpg 768w, https:\/\/montfort-schloessle.de\/wp-content\/uploads\/2022\/04\/Montfort-Schloessle_Suite_15.1-600x400.jpg 600w, https:\/\/montfort-schloessle.de\/wp-content\/uploads\/2022\/04\/Montfort-Schloessle_Suite_15.1-2x1.jpg 2w\" sizes=\"(max-width: 900px) 100vw, 900px\" \/><\/p>\n<\/div>\n<\/div>\n<div class=\"col-md-4\">\n<div class=\"text\">\n<h3>Apartment N\u00b015 Family<\/h3>\n<p>The Family Apartment N\u00b015\u00a0 (58 M2) s located on the 2nd floor offers a panoramic view 270\u00b0 of Lake Constance and the Alps.<\/p>\n<p><a class=\"btn-custom-2\" href=\"\/en\/room\/apartment-n15-family\/\">See Apartment Detail<\/a>&nbsp;<a class=\"btn-custom-4\" href=\"https:\/\/montfort-schloessle.de\/en\/anfrage\/\" rel=\"noopener\">Request Now<\/a><\/p>\n<\/div>\n<\/div>\n<\/div>\n<div class=\"col-md-4\">\n<h4>Prices:<\/h4>\n<p><strong>Apartment price (4 pers.) Without breakfast . Including final cleaning and currently applicable VAT tax.<\/strong><\/p>\n<h4><strong>From* 330 \u20ac \/ Per night<br \/>\n<\/strong><\/h4>\n<div><span lang=\"EN-US\">* Prices vary depending on length of stay &amp; season <\/span><\/div>\n<\/div>\n<\/div>\n<div class=\"de_divider div-single\"><\/div>\n<div class=\"row\">\n<div class=\"inner\">\n<div class=\"col-md-4\">\n<div class=\"pic_hover\">\n<p><img loading=\"lazy\" decoding=\"async\" class=\"size-full wp-image-801\" src=\"http:\/\/montfort-schloessle.de\/wp-content\/uploads\/2020\/12\/Zi-18-Family-Schloessle-Suite-0636_Monfort-Schloessle-e1609360510222.jpg\" alt=\"Familien-Suite\" width=\"800\" height=\"533\" \/><\/p>\n<\/div>\n<\/div>\n<div class=\"col-md-4\">\n<div class=\"text\">\n<h3>Apartment N\u00b018<\/h3>\n<p>The Apartment N\u00b018 (40 M2) is located on the 1st floor offers a panoramic view 270\u00b0 of Lake Constance and the Alps.<\/p>\n<p><a class=\"btn-custom-2\" href=\"\/en\/room\/apartment-n18\/\">See Apartment Detail<\/a>&nbsp;<a class=\"btn-custom-4\" href=\"https:\/\/montfort-schloessle.de\/en\/anfrage\/\" rel=\"noopener\">Request Now<\/a><\/p>\n<\/div>\n<\/div>\n<\/div>\n<div class=\"col-md-4\">\n<h4>Prices:<\/h4>\n<p><strong>Apartment price (2 pers.) Without breakfast . Including final cleaning and currently applicable VAT tax.<\/strong><\/p>\n<h4><strong>From* 205 \u20ac \/ Per night<br \/>\n<\/strong><\/h4>\n<div><span lang=\"EN-US\">* Prices vary depending on length of stay &amp; season <\/span><\/div>\n<\/div>\n<\/div>\n<div class=\"de_divider div-single\"><\/div>\n<div class=\"row\">\n<div class=\"inner\">\n<div class=\"col-md-4\">\n<div class=\"pic_hover\">\n<p><img loading=\"lazy\" decoding=\"async\" class=\"size-full wp-image-801\" src=\"http:\/\/montfort-schloessle.de\/wp-content\/uploads\/2020\/12\/Zi-18-Family-Schloessle-Suite-0636_Monfort-Schloessle-e1609360510222.jpg\" alt=\"Familien-Suite\" width=\"800\" height=\"533\" \/><\/p>\n<\/div>\n<\/div>\n<div class=\"col-md-4\">\n<div class=\"text\">\n<h3>Apartment N\u00b018 Family<\/h3>\n<p>The Family Apartment N\u00b018 (60 M2) is located on the 1st floor offers a panoramic view 270\u00b0 of Lake Constance and the Alps.<\/p>\n<p><a class=\"btn-custom-2\" href=\"\/en\/room\/apartment-n18-family\/\">See Apartment Detail<\/a>&nbsp;<a class=\"btn-custom-4\" href=\"https:\/\/montfort-schloessle.de\/en\/anfrage\/\" rel=\"noopener\">Request Now<\/a><\/p>\n<\/div>\n<\/div>\n<\/div>\n<div class=\"col-md-4\">\n<h4>Prices:<\/h4>\n<p><strong>Apartment price (4 pers.) Without breakfast . Including final cleaning and currently applicable VAT tax.<\/strong><\/p>\n<h4><strong>From* 330 \u20ac \/ Per night<br \/>\n<\/strong><\/h4>\n<div><span lang=\"EN-US\">* Prices vary depending on length of stay &amp; season <\/span><\/div>\n<\/div>\n<\/div>","protected":false},"excerpt":{"rendered":"<p>The Montfort Schl\u00f6ssle is an historic building with monument protection status and through that defined to existing room layout. This gives each room an individual layout with its own unique flair. &nbsp; &nbsp; Family Apartments &nbsp; Apartment N\u00b03 The Apartment N\u00b03 (36 M2) is located on the 1st floor offers a panoramic view of Lake [&hellip;]<\/p>\n","protected":false},"author":1,"featured_media":0,"parent":4799,"menu_order":3,"comment_status":"closed","ping_status":"closed","template":"","meta":{"footnotes":""},"class_list":["post-4817","page","type-page","status-publish","hentry"],"yoast_head":"<!-- This site is optimized with the Yoast SEO plugin v27.3 - https:\/\/yoast.com\/product\/yoast-seo-wordpress\/ -->\n<title>Apartments - Montfort Schl\u00f6ssle<\/title>\n<meta name=\"description\" content=\"Das Montfort-Schl\u00f6ssle ist ein denkmalgesch\u00fctztes Geb\u00e4ude und in der Raumaufteilung an gegebene Strukturen gebunden. Hieraus ergeben sich bei den Zimmern unterschiedliche Raumformate. Diese verleihen jedem Zimmer sein ganz eigenes Flair.\" \/>\n<meta name=\"robots\" content=\"index, follow, max-snippet:-1, max-image-preview:large, max-video-preview:-1\" \/>\n<link rel=\"canonical\" href=\"https:\/\/montfort-schloessle.de\/wohnen\/appartments\/\" \/>\n<meta property=\"og:locale\" content=\"en_US\" \/>\n<meta property=\"og:type\" content=\"article\" \/>\n<meta property=\"og:title\" content=\"[:de]Ferien Apartments[:en]Apartments[:] - Montfort Schl\u00f6ssle\" \/>\n<meta property=\"og:description\" content=\"Das Montfort-Schl\u00f6ssle ist ein denkmalgesch\u00fctztes Geb\u00e4ude und in der Raumaufteilung an gegebene Strukturen gebunden. Hieraus ergeben sich bei den Zimmern unterschiedliche Raumformate. Diese verleihen jedem Zimmer sein ganz eigenes Flair.\" \/>\n<meta property=\"og:url\" content=\"https:\/\/montfort-schloessle.de\/wohnen\/appartments\/\" \/>\n<meta property=\"og:site_name\" content=\"Montfort Schl\u00f6ssle\" \/>\n<meta property=\"article:modified_time\" content=\"2025-10-27T10:16:22+00:00\" \/>\n<meta property=\"og:image\" content=\"http:\/\/montfort-schloessle.de\/wp-content\/uploads\/2020\/12\/ZI-3-SCHLAF-0995_Monfort-Schloessle-WEB-2021-1-e1609183046775.jpg\" \/>\n<meta name=\"twitter:card\" content=\"summary_large_image\" \/>\n<meta name=\"twitter:label1\" content=\"Est. reading time\" \/>\n\t<meta name=\"twitter:data1\" content=\"9 minutes\" \/>\n<script type=\"application\/ld+json\" class=\"yoast-schema-graph\">{\"@context\":\"https:\\\/\\\/schema.org\",\"@graph\":[{\"@type\":\"WebPage\",\"@id\":\"https:\\\/\\\/montfort-schloessle.de\\\/wohnen\\\/appartments\\\/\",\"url\":\"https:\\\/\\\/montfort-schloessle.de\\\/wohnen\\\/appartments\\\/\",\"name\":\"[:de]Ferien Apartments[:en]Apartments[:] - Montfort Schl\u00f6ssle\",\"isPartOf\":{\"@id\":\"https:\\\/\\\/montfort-schloessle.de\\\/#website\"},\"primaryImageOfPage\":{\"@id\":\"https:\\\/\\\/montfort-schloessle.de\\\/wohnen\\\/appartments\\\/#primaryimage\"},\"image\":{\"@id\":\"https:\\\/\\\/montfort-schloessle.de\\\/wohnen\\\/appartments\\\/#primaryimage\"},\"thumbnailUrl\":\"http:\\\/\\\/montfort-schloessle.de\\\/wp-content\\\/uploads\\\/2020\\\/12\\\/ZI-3-SCHLAF-0995_Monfort-Schloessle-WEB-2021-1-e1609183046775.jpg\",\"datePublished\":\"2021-02-25T16:23:59+00:00\",\"dateModified\":\"2025-10-27T10:16:22+00:00\",\"description\":\"Das Montfort-Schl\u00f6ssle ist ein denkmalgesch\u00fctztes Geb\u00e4ude und in der Raumaufteilung an gegebene Strukturen gebunden. Hieraus ergeben sich bei den Zimmern unterschiedliche Raumformate. Diese verleihen jedem Zimmer sein ganz eigenes Flair.\",\"breadcrumb\":{\"@id\":\"https:\\\/\\\/montfort-schloessle.de\\\/wohnen\\\/appartments\\\/#breadcrumb\"},\"inLanguage\":\"en-US\",\"potentialAction\":[{\"@type\":\"ReadAction\",\"target\":[\"https:\\\/\\\/montfort-schloessle.de\\\/wohnen\\\/appartments\\\/\"]}]},{\"@type\":\"ImageObject\",\"inLanguage\":\"en-US\",\"@id\":\"https:\\\/\\\/montfort-schloessle.de\\\/wohnen\\\/appartments\\\/#primaryimage\",\"url\":\"http:\\\/\\\/montfort-schloessle.de\\\/wp-content\\\/uploads\\\/2020\\\/12\\\/ZI-3-SCHLAF-0995_Monfort-Schloessle-WEB-2021-1-e1609183046775.jpg\",\"contentUrl\":\"http:\\\/\\\/montfort-schloessle.de\\\/wp-content\\\/uploads\\\/2020\\\/12\\\/ZI-3-SCHLAF-0995_Monfort-Schloessle-WEB-2021-1-e1609183046775.jpg\"},{\"@type\":\"BreadcrumbList\",\"@id\":\"https:\\\/\\\/montfort-schloessle.de\\\/wohnen\\\/appartments\\\/#breadcrumb\",\"itemListElement\":[{\"@type\":\"ListItem\",\"position\":1,\"name\":\"Home\",\"item\":\"https:\\\/\\\/montfort-schloessle.de\\\/\"},{\"@type\":\"ListItem\",\"position\":2,\"name\":\"Wohnen\",\"item\":\"https:\\\/\\\/montfort-schloessle.de\\\/wohnen\\\/\"},{\"@type\":\"ListItem\",\"position\":3,\"name\":\"Ferien Apartments\"}]},{\"@type\":\"WebSite\",\"@id\":\"https:\\\/\\\/montfort-schloessle.de\\\/#website\",\"url\":\"https:\\\/\\\/montfort-schloessle.de\\\/\",\"name\":\"Montfort Schl\u00f6ssle\",\"description\":\"Hotel, Gasthof, Uebernachtung\",\"potentialAction\":[{\"@type\":\"SearchAction\",\"target\":{\"@type\":\"EntryPoint\",\"urlTemplate\":\"https:\\\/\\\/montfort-schloessle.de\\\/?s={search_term_string}\"},\"query-input\":{\"@type\":\"PropertyValueSpecification\",\"valueRequired\":true,\"valueName\":\"search_term_string\"}}],\"inLanguage\":\"en-US\"}]}<\/script>\n<!-- \/ Yoast SEO plugin. -->","yoast_head_json":{"title":"[:de]Ferien Apartments[:en]Apartments[:] - Montfort Schl\u00f6ssle","description":"Das Montfort-Schl\u00f6ssle ist ein denkmalgesch\u00fctztes Geb\u00e4ude und in der Raumaufteilung an gegebene Strukturen gebunden. Hieraus ergeben sich bei den Zimmern unterschiedliche Raumformate. Diese verleihen jedem Zimmer sein ganz eigenes Flair.","robots":{"index":"index","follow":"follow","max-snippet":"max-snippet:-1","max-image-preview":"max-image-preview:large","max-video-preview":"max-video-preview:-1"},"canonical":"https:\/\/montfort-schloessle.de\/wohnen\/appartments\/","og_locale":"en_US","og_type":"article","og_title":"[:de]Ferien Apartments[:en]Apartments[:] - Montfort Schl\u00f6ssle","og_description":"Das Montfort-Schl\u00f6ssle ist ein denkmalgesch\u00fctztes Geb\u00e4ude und in der Raumaufteilung an gegebene Strukturen gebunden. Hieraus ergeben sich bei den Zimmern unterschiedliche Raumformate. Diese verleihen jedem Zimmer sein ganz eigenes Flair.","og_url":"https:\/\/montfort-schloessle.de\/wohnen\/appartments\/","og_site_name":"Montfort Schl\u00f6ssle","article_modified_time":"2025-10-27T10:16:22+00:00","og_image":[{"url":"http:\/\/montfort-schloessle.de\/wp-content\/uploads\/2020\/12\/ZI-3-SCHLAF-0995_Monfort-Schloessle-WEB-2021-1-e1609183046775.jpg","type":"","width":"","height":""}],"twitter_card":"summary_large_image","twitter_misc":{"Est. reading time":"9 minutes"},"schema":{"@context":"https:\/\/schema.org","@graph":[{"@type":"WebPage","@id":"https:\/\/montfort-schloessle.de\/wohnen\/appartments\/","url":"https:\/\/montfort-schloessle.de\/wohnen\/appartments\/","name":"[:de]Ferien Apartments[:en]Apartments[:] - Montfort Schl\u00f6ssle","isPartOf":{"@id":"https:\/\/montfort-schloessle.de\/#website"},"primaryImageOfPage":{"@id":"https:\/\/montfort-schloessle.de\/wohnen\/appartments\/#primaryimage"},"image":{"@id":"https:\/\/montfort-schloessle.de\/wohnen\/appartments\/#primaryimage"},"thumbnailUrl":"http:\/\/montfort-schloessle.de\/wp-content\/uploads\/2020\/12\/ZI-3-SCHLAF-0995_Monfort-Schloessle-WEB-2021-1-e1609183046775.jpg","datePublished":"2021-02-25T16:23:59+00:00","dateModified":"2025-10-27T10:16:22+00:00","description":"Das Montfort-Schl\u00f6ssle ist ein denkmalgesch\u00fctztes Geb\u00e4ude und in der Raumaufteilung an gegebene Strukturen gebunden. Hieraus ergeben sich bei den Zimmern unterschiedliche Raumformate. Diese verleihen jedem Zimmer sein ganz eigenes Flair.","breadcrumb":{"@id":"https:\/\/montfort-schloessle.de\/wohnen\/appartments\/#breadcrumb"},"inLanguage":"en-US","potentialAction":[{"@type":"ReadAction","target":["https:\/\/montfort-schloessle.de\/wohnen\/appartments\/"]}]},{"@type":"ImageObject","inLanguage":"en-US","@id":"https:\/\/montfort-schloessle.de\/wohnen\/appartments\/#primaryimage","url":"http:\/\/montfort-schloessle.de\/wp-content\/uploads\/2020\/12\/ZI-3-SCHLAF-0995_Monfort-Schloessle-WEB-2021-1-e1609183046775.jpg","contentUrl":"http:\/\/montfort-schloessle.de\/wp-content\/uploads\/2020\/12\/ZI-3-SCHLAF-0995_Monfort-Schloessle-WEB-2021-1-e1609183046775.jpg"},{"@type":"BreadcrumbList","@id":"https:\/\/montfort-schloessle.de\/wohnen\/appartments\/#breadcrumb","itemListElement":[{"@type":"ListItem","position":1,"name":"Home","item":"https:\/\/montfort-schloessle.de\/"},{"@type":"ListItem","position":2,"name":"Wohnen","item":"https:\/\/montfort-schloessle.de\/wohnen\/"},{"@type":"ListItem","position":3,"name":"Ferien Apartments"}]},{"@type":"WebSite","@id":"https:\/\/montfort-schloessle.de\/#website","url":"https:\/\/montfort-schloessle.de\/","name":"Montfort Schl\u00f6ssle","description":"Hotel, Gasthof, Uebernachtung","potentialAction":[{"@type":"SearchAction","target":{"@type":"EntryPoint","urlTemplate":"https:\/\/montfort-schloessle.de\/?s={search_term_string}"},"query-input":{"@type":"PropertyValueSpecification","valueRequired":true,"valueName":"search_term_string"}}],"inLanguage":"en-US"}]}},"_links":{"self":[{"href":"https:\/\/montfort-schloessle.de\/en\/wp-json\/wp\/v2\/pages\/4817","targetHints":{"allow":["GET"]}}],"collection":[{"href":"https:\/\/montfort-schloessle.de\/en\/wp-json\/wp\/v2\/pages"}],"about":[{"href":"https:\/\/montfort-schloessle.de\/en\/wp-json\/wp\/v2\/types\/page"}],"author":[{"embeddable":true,"href":"https:\/\/montfort-schloessle.de\/en\/wp-json\/wp\/v2\/users\/1"}],"replies":[{"embeddable":true,"href":"https:\/\/montfort-schloessle.de\/en\/wp-json\/wp\/v2\/comments?post=4817"}],"version-history":[{"count":24,"href":"https:\/\/montfort-schloessle.de\/en\/wp-json\/wp\/v2\/pages\/4817\/revisions"}],"predecessor-version":[{"id":9033,"href":"https:\/\/montfort-schloessle.de\/en\/wp-json\/wp\/v2\/pages\/4817\/revisions\/9033"}],"up":[{"embeddable":true,"href":"https:\/\/montfort-schloessle.de\/en\/wp-json\/wp\/v2\/pages\/4799"}],"wp:attachment":[{"href":"https:\/\/montfort-schloessle.de\/en\/wp-json\/wp\/v2\/media?parent=4817"}],"curies":[{"name":"wp","href":"https:\/\/api.w.org\/{rel}","templated":true}]}}