{"id":4583,"date":"2021-02-17T18:36:09","date_gmt":"2021-02-17T18:36:09","guid":{"rendered":"https:\/\/www.montfort-schloessle.de\/?page_id=4583"},"modified":"2023-04-27T17:27:03","modified_gmt":"2023-04-27T17:27:03","slug":"gallerie","status":"publish","type":"page","link":"https:\/\/montfort-schloessle.de\/en\/gallerie\/","title":{"rendered":"Gallery"},"content":{"rendered":"<p>&nbsp;<\/p>\n","protected":false},"excerpt":{"rendered":"<p>&nbsp;<\/p>\n","protected":false},"author":1,"featured_media":763,"parent":0,"menu_order":6,"comment_status":"closed","ping_status":"closed","template":"page_gallery.php","meta":{"footnotes":""},"class_list":["post-4583","page","type-page","status-publish","has-post-thumbnail","hentry"],"yoast_head":"<!-- This site is optimized with the Yoast SEO plugin v27.3 - https:\/\/yoast.com\/product\/yoast-seo-wordpress\/ -->\n<title>Gallery - Montfort Schl\u00f6ssle<\/title>\n<meta name=\"description\" content=\"Dank seiner exponierten Lage im Dreil\u00e4ndereck bietet Lindau eine Vielzahl von m\u00f6glichen Freizeitaktivit\u00e4ten.\" \/>\n<meta name=\"robots\" content=\"index, follow, max-snippet:-1, max-image-preview:large, max-video-preview:-1\" \/>\n<link rel=\"canonical\" href=\"https:\/\/montfort-schloessle.de\/gallerie\/\" \/>\n<meta property=\"og:locale\" content=\"en_US\" \/>\n<meta property=\"og:type\" content=\"article\" \/>\n<meta property=\"og:title\" content=\"[:de]Gallerie[:en]Gallery[:] - Montfort Schl\u00f6ssle\" \/>\n<meta property=\"og:description\" content=\"Dank seiner exponierten Lage im Dreil\u00e4ndereck bietet Lindau eine Vielzahl von m\u00f6glichen Freizeitaktivit\u00e4ten.\" \/>\n<meta property=\"og:url\" content=\"https:\/\/montfort-schloessle.de\/gallerie\/\" \/>\n<meta property=\"og:site_name\" content=\"Montfort Schl\u00f6ssle\" \/>\n<meta property=\"article:modified_time\" content=\"2023-04-27T17:27:03+00:00\" \/>\n<meta property=\"og:image\" content=\"https:\/\/montfort-schloessle.de\/wp-content\/uploads\/2017\/02\/Montfort_Schloessle_home-4.jpg\" \/>\n\t<meta property=\"og:image:width\" content=\"1600\" \/>\n\t<meta property=\"og:image:height\" content=\"1100\" \/>\n\t<meta property=\"og:image:type\" content=\"image\/jpeg\" \/>\n<meta name=\"twitter:card\" content=\"summary_large_image\" \/>\n<meta name=\"twitter:label1\" content=\"Est. reading time\" \/>\n\t<meta name=\"twitter:data1\" content=\"1 minute\" \/>\n<script type=\"application\/ld+json\" class=\"yoast-schema-graph\">{\"@context\":\"https:\\\/\\\/schema.org\",\"@graph\":[{\"@type\":\"WebPage\",\"@id\":\"https:\\\/\\\/montfort-schloessle.de\\\/gallerie\\\/\",\"url\":\"https:\\\/\\\/montfort-schloessle.de\\\/gallerie\\\/\",\"name\":\"[:de]Gallerie[:en]Gallery[:] - Montfort Schl\u00f6ssle\",\"isPartOf\":{\"@id\":\"https:\\\/\\\/montfort-schloessle.de\\\/#website\"},\"primaryImageOfPage\":{\"@id\":\"https:\\\/\\\/montfort-schloessle.de\\\/gallerie\\\/#primaryimage\"},\"image\":{\"@id\":\"https:\\\/\\\/montfort-schloessle.de\\\/gallerie\\\/#primaryimage\"},\"thumbnailUrl\":\"https:\\\/\\\/montfort-schloessle.de\\\/wp-content\\\/uploads\\\/2017\\\/02\\\/Montfort_Schloessle_home-4.jpg\",\"datePublished\":\"2021-02-17T18:36:09+00:00\",\"dateModified\":\"2023-04-27T17:27:03+00:00\",\"description\":\"Dank seiner exponierten Lage im Dreil\u00e4ndereck bietet Lindau eine Vielzahl von m\u00f6glichen Freizeitaktivit\u00e4ten.\",\"breadcrumb\":{\"@id\":\"https:\\\/\\\/montfort-schloessle.de\\\/gallerie\\\/#breadcrumb\"},\"inLanguage\":\"en-US\",\"potentialAction\":[{\"@type\":\"ReadAction\",\"target\":[\"https:\\\/\\\/montfort-schloessle.de\\\/gallerie\\\/\"]}]},{\"@type\":\"ImageObject\",\"inLanguage\":\"en-US\",\"@id\":\"https:\\\/\\\/montfort-schloessle.de\\\/gallerie\\\/#primaryimage\",\"url\":\"https:\\\/\\\/montfort-schloessle.de\\\/wp-content\\\/uploads\\\/2017\\\/02\\\/Montfort_Schloessle_home-4.jpg\",\"contentUrl\":\"https:\\\/\\\/montfort-schloessle.de\\\/wp-content\\\/uploads\\\/2017\\\/02\\\/Montfort_Schloessle_home-4.jpg\",\"width\":1600,\"height\":1100},{\"@type\":\"BreadcrumbList\",\"@id\":\"https:\\\/\\\/montfort-schloessle.de\\\/gallerie\\\/#breadcrumb\",\"itemListElement\":[{\"@type\":\"ListItem\",\"position\":1,\"name\":\"Home\",\"item\":\"https:\\\/\\\/montfort-schloessle.de\\\/\"},{\"@type\":\"ListItem\",\"position\":2,\"name\":\"Gallerie\"}]},{\"@type\":\"WebSite\",\"@id\":\"https:\\\/\\\/montfort-schloessle.de\\\/#website\",\"url\":\"https:\\\/\\\/montfort-schloessle.de\\\/\",\"name\":\"Montfort Schl\u00f6ssle\",\"description\":\"Hotel, Gasthof, Uebernachtung\",\"potentialAction\":[{\"@type\":\"SearchAction\",\"target\":{\"@type\":\"EntryPoint\",\"urlTemplate\":\"https:\\\/\\\/montfort-schloessle.de\\\/?s={search_term_string}\"},\"query-input\":{\"@type\":\"PropertyValueSpecification\",\"valueRequired\":true,\"valueName\":\"search_term_string\"}}],\"inLanguage\":\"en-US\"}]}<\/script>\n<!-- \/ Yoast SEO plugin. -->","yoast_head_json":{"title":"[:de]Gallerie[:en]Gallery[:] - Montfort Schl\u00f6ssle","description":"Dank seiner exponierten Lage im Dreil\u00e4ndereck bietet Lindau eine Vielzahl von m\u00f6glichen Freizeitaktivit\u00e4ten.","robots":{"index":"index","follow":"follow","max-snippet":"max-snippet:-1","max-image-preview":"max-image-preview:large","max-video-preview":"max-video-preview:-1"},"canonical":"https:\/\/montfort-schloessle.de\/gallerie\/","og_locale":"en_US","og_type":"article","og_title":"[:de]Gallerie[:en]Gallery[:] - Montfort Schl\u00f6ssle","og_description":"Dank seiner exponierten Lage im Dreil\u00e4ndereck bietet Lindau eine Vielzahl von m\u00f6glichen Freizeitaktivit\u00e4ten.","og_url":"https:\/\/montfort-schloessle.de\/gallerie\/","og_site_name":"Montfort Schl\u00f6ssle","article_modified_time":"2023-04-27T17:27:03+00:00","og_image":[{"width":1600,"height":1100,"url":"https:\/\/montfort-schloessle.de\/wp-content\/uploads\/2017\/02\/Montfort_Schloessle_home-4.jpg","type":"image\/jpeg"}],"twitter_card":"summary_large_image","twitter_misc":{"Est. reading time":"1 minute"},"schema":{"@context":"https:\/\/schema.org","@graph":[{"@type":"WebPage","@id":"https:\/\/montfort-schloessle.de\/gallerie\/","url":"https:\/\/montfort-schloessle.de\/gallerie\/","name":"[:de]Gallerie[:en]Gallery[:] - Montfort Schl\u00f6ssle","isPartOf":{"@id":"https:\/\/montfort-schloessle.de\/#website"},"primaryImageOfPage":{"@id":"https:\/\/montfort-schloessle.de\/gallerie\/#primaryimage"},"image":{"@id":"https:\/\/montfort-schloessle.de\/gallerie\/#primaryimage"},"thumbnailUrl":"https:\/\/montfort-schloessle.de\/wp-content\/uploads\/2017\/02\/Montfort_Schloessle_home-4.jpg","datePublished":"2021-02-17T18:36:09+00:00","dateModified":"2023-04-27T17:27:03+00:00","description":"Dank seiner exponierten Lage im Dreil\u00e4ndereck bietet Lindau eine Vielzahl von m\u00f6glichen Freizeitaktivit\u00e4ten.","breadcrumb":{"@id":"https:\/\/montfort-schloessle.de\/gallerie\/#breadcrumb"},"inLanguage":"en-US","potentialAction":[{"@type":"ReadAction","target":["https:\/\/montfort-schloessle.de\/gallerie\/"]}]},{"@type":"ImageObject","inLanguage":"en-US","@id":"https:\/\/montfort-schloessle.de\/gallerie\/#primaryimage","url":"https:\/\/montfort-schloessle.de\/wp-content\/uploads\/2017\/02\/Montfort_Schloessle_home-4.jpg","contentUrl":"https:\/\/montfort-schloessle.de\/wp-content\/uploads\/2017\/02\/Montfort_Schloessle_home-4.jpg","width":1600,"height":1100},{"@type":"BreadcrumbList","@id":"https:\/\/montfort-schloessle.de\/gallerie\/#breadcrumb","itemListElement":[{"@type":"ListItem","position":1,"name":"Home","item":"https:\/\/montfort-schloessle.de\/"},{"@type":"ListItem","position":2,"name":"Gallerie"}]},{"@type":"WebSite","@id":"https:\/\/montfort-schloessle.de\/#website","url":"https:\/\/montfort-schloessle.de\/","name":"Montfort Schl\u00f6ssle","description":"Hotel, Gasthof, Uebernachtung","potentialAction":[{"@type":"SearchAction","target":{"@type":"EntryPoint","urlTemplate":"https:\/\/montfort-schloessle.de\/?s={search_term_string}"},"query-input":{"@type":"PropertyValueSpecification","valueRequired":true,"valueName":"search_term_string"}}],"inLanguage":"en-US"}]}},"_links":{"self":[{"href":"https:\/\/montfort-schloessle.de\/en\/wp-json\/wp\/v2\/pages\/4583","targetHints":{"allow":["GET"]}}],"collection":[{"href":"https:\/\/montfort-schloessle.de\/en\/wp-json\/wp\/v2\/pages"}],"about":[{"href":"https:\/\/montfort-schloessle.de\/en\/wp-json\/wp\/v2\/types\/page"}],"author":[{"embeddable":true,"href":"https:\/\/montfort-schloessle.de\/en\/wp-json\/wp\/v2\/users\/1"}],"replies":[{"embeddable":true,"href":"https:\/\/montfort-schloessle.de\/en\/wp-json\/wp\/v2\/comments?post=4583"}],"version-history":[{"count":5,"href":"https:\/\/montfort-schloessle.de\/en\/wp-json\/wp\/v2\/pages\/4583\/revisions"}],"predecessor-version":[{"id":4780,"href":"https:\/\/montfort-schloessle.de\/en\/wp-json\/wp\/v2\/pages\/4583\/revisions\/4780"}],"wp:featuredmedia":[{"embeddable":true,"href":"https:\/\/montfort-schloessle.de\/en\/wp-json\/wp\/v2\/media\/763"}],"wp:attachment":[{"href":"https:\/\/montfort-schloessle.de\/en\/wp-json\/wp\/v2\/media?parent=4583"}],"curies":[{"name":"wp","href":"https:\/\/api.w.org\/{rel}","templated":true}]}}