{"id":3257,"date":"2019-07-05T15:52:49","date_gmt":"2019-07-05T15:52:49","guid":{"rendered":"https:\/\/www.montfort-schloessle.de\/?page_id=3257"},"modified":"2022-06-04T20:42:45","modified_gmt":"2022-06-04T20:42:45","slug":"video","status":"publish","type":"page","link":"https:\/\/montfort-schloessle.de\/en\/gallerie\/video\/","title":{"rendered":"VIDEO"},"content":{"rendered":"<p><iframe title=\"Hotel Montfort Schl\u00f6ssle    Lindau Bodensee     Deutschland-Germany\" width=\"500\" height=\"281\" src=\"https:\/\/www.youtube.com\/embed\/CBaTct5iF9A?feature=oembed\" frameborder=\"0\" allow=\"accelerometer; autoplay; clipboard-write; encrypted-media; gyroscope; picture-in-picture; web-share\" referrerpolicy=\"strict-origin-when-cross-origin\" allowfullscreen><\/iframe><\/p>\n<p>&nbsp;<\/p>","protected":false},"excerpt":{"rendered":"<p>&nbsp;<\/p>\n","protected":false},"author":1,"featured_media":0,"parent":4583,"menu_order":20,"comment_status":"closed","ping_status":"closed","template":"","meta":{"footnotes":""},"class_list":["post-3257","page","type-page","status-publish","hentry"],"yoast_head":"<!-- This site is optimized with the Yoast SEO plugin v27.3 - https:\/\/yoast.com\/product\/yoast-seo-wordpress\/ -->\n<title>VIDEO - Montfort Schl\u00f6ssle<\/title>\n<meta name=\"description\" content=\"Das nun in der 4. Generation, mit viel Liebe von Alexandra &amp; Peter gef\u00fchrte Montfort-Schl\u00f6ssle freut sich, f\u00fcr seine G\u00e4ste wie ein zweites Zuhause zu sein.\" \/>\n<meta name=\"robots\" content=\"index, follow, max-snippet:-1, max-image-preview:large, max-video-preview:-1\" \/>\n<link rel=\"canonical\" href=\"https:\/\/montfort-schloessle.de\/gallerie\/video\/\" \/>\n<meta property=\"og:locale\" content=\"en_US\" \/>\n<meta property=\"og:type\" content=\"article\" \/>\n<meta property=\"og:title\" content=\"[:de]Video[:en]VIDEO[:] - Montfort Schl\u00f6ssle\" \/>\n<meta property=\"og:description\" content=\"Das nun in der 4. Generation, mit viel Liebe von Alexandra &amp; Peter gef\u00fchrte Montfort-Schl\u00f6ssle freut sich, f\u00fcr seine G\u00e4ste wie ein zweites Zuhause zu sein.\" \/>\n<meta property=\"og:url\" content=\"https:\/\/montfort-schloessle.de\/gallerie\/video\/\" \/>\n<meta property=\"og:site_name\" content=\"Montfort Schl\u00f6ssle\" \/>\n<meta property=\"article:modified_time\" content=\"2022-06-04T20:42:45+00:00\" \/>\n<meta name=\"twitter:card\" content=\"summary_large_image\" \/>\n<meta name=\"twitter:label1\" content=\"Est. reading time\" \/>\n\t<meta name=\"twitter:data1\" content=\"1 minute\" \/>\n<script type=\"application\/ld+json\" class=\"yoast-schema-graph\">{\"@context\":\"https:\\\/\\\/schema.org\",\"@graph\":[{\"@type\":\"WebPage\",\"@id\":\"https:\\\/\\\/montfort-schloessle.de\\\/gallerie\\\/video\\\/\",\"url\":\"https:\\\/\\\/montfort-schloessle.de\\\/gallerie\\\/video\\\/\",\"name\":\"[:de]Video[:en]VIDEO[:] - Montfort Schl\u00f6ssle\",\"isPartOf\":{\"@id\":\"https:\\\/\\\/montfort-schloessle.de\\\/#website\"},\"datePublished\":\"2019-07-05T15:52:49+00:00\",\"dateModified\":\"2022-06-04T20:42:45+00:00\",\"description\":\"Das nun in der 4. Generation, mit viel Liebe von Alexandra & Peter gef\u00fchrte Montfort-Schl\u00f6ssle freut sich, f\u00fcr seine G\u00e4ste wie ein zweites Zuhause zu sein.\",\"breadcrumb\":{\"@id\":\"https:\\\/\\\/montfort-schloessle.de\\\/gallerie\\\/video\\\/#breadcrumb\"},\"inLanguage\":\"en-US\",\"potentialAction\":[{\"@type\":\"ReadAction\",\"target\":[\"https:\\\/\\\/montfort-schloessle.de\\\/gallerie\\\/video\\\/\"]}]},{\"@type\":\"BreadcrumbList\",\"@id\":\"https:\\\/\\\/montfort-schloessle.de\\\/gallerie\\\/video\\\/#breadcrumb\",\"itemListElement\":[{\"@type\":\"ListItem\",\"position\":1,\"name\":\"Home\",\"item\":\"https:\\\/\\\/montfort-schloessle.de\\\/\"},{\"@type\":\"ListItem\",\"position\":2,\"name\":\"Gallerie\",\"item\":\"https:\\\/\\\/montfort-schloessle.de\\\/gallerie\\\/\"},{\"@type\":\"ListItem\",\"position\":3,\"name\":\"VIDEO\"}]},{\"@type\":\"WebSite\",\"@id\":\"https:\\\/\\\/montfort-schloessle.de\\\/#website\",\"url\":\"https:\\\/\\\/montfort-schloessle.de\\\/\",\"name\":\"Montfort Schl\u00f6ssle\",\"description\":\"Hotel, Gasthof, Uebernachtung\",\"potentialAction\":[{\"@type\":\"SearchAction\",\"target\":{\"@type\":\"EntryPoint\",\"urlTemplate\":\"https:\\\/\\\/montfort-schloessle.de\\\/?s={search_term_string}\"},\"query-input\":{\"@type\":\"PropertyValueSpecification\",\"valueRequired\":true,\"valueName\":\"search_term_string\"}}],\"inLanguage\":\"en-US\"}]}<\/script>\n<!-- \/ Yoast SEO plugin. -->","yoast_head_json":{"title":"[:de]Video[:en]VIDEO[:] - Montfort Schl\u00f6ssle","description":"Das nun in der 4. Generation, mit viel Liebe von Alexandra & Peter gef\u00fchrte Montfort-Schl\u00f6ssle freut sich, f\u00fcr seine G\u00e4ste wie ein zweites Zuhause zu sein.","robots":{"index":"index","follow":"follow","max-snippet":"max-snippet:-1","max-image-preview":"max-image-preview:large","max-video-preview":"max-video-preview:-1"},"canonical":"https:\/\/montfort-schloessle.de\/gallerie\/video\/","og_locale":"en_US","og_type":"article","og_title":"[:de]Video[:en]VIDEO[:] - Montfort Schl\u00f6ssle","og_description":"Das nun in der 4. Generation, mit viel Liebe von Alexandra & Peter gef\u00fchrte Montfort-Schl\u00f6ssle freut sich, f\u00fcr seine G\u00e4ste wie ein zweites Zuhause zu sein.","og_url":"https:\/\/montfort-schloessle.de\/gallerie\/video\/","og_site_name":"Montfort Schl\u00f6ssle","article_modified_time":"2022-06-04T20:42:45+00:00","twitter_card":"summary_large_image","twitter_misc":{"Est. reading time":"1 minute"},"schema":{"@context":"https:\/\/schema.org","@graph":[{"@type":"WebPage","@id":"https:\/\/montfort-schloessle.de\/gallerie\/video\/","url":"https:\/\/montfort-schloessle.de\/gallerie\/video\/","name":"[:de]Video[:en]VIDEO[:] - Montfort Schl\u00f6ssle","isPartOf":{"@id":"https:\/\/montfort-schloessle.de\/#website"},"datePublished":"2019-07-05T15:52:49+00:00","dateModified":"2022-06-04T20:42:45+00:00","description":"Das nun in der 4. Generation, mit viel Liebe von Alexandra & Peter gef\u00fchrte Montfort-Schl\u00f6ssle freut sich, f\u00fcr seine G\u00e4ste wie ein zweites Zuhause zu sein.","breadcrumb":{"@id":"https:\/\/montfort-schloessle.de\/gallerie\/video\/#breadcrumb"},"inLanguage":"en-US","potentialAction":[{"@type":"ReadAction","target":["https:\/\/montfort-schloessle.de\/gallerie\/video\/"]}]},{"@type":"BreadcrumbList","@id":"https:\/\/montfort-schloessle.de\/gallerie\/video\/#breadcrumb","itemListElement":[{"@type":"ListItem","position":1,"name":"Home","item":"https:\/\/montfort-schloessle.de\/"},{"@type":"ListItem","position":2,"name":"Gallerie","item":"https:\/\/montfort-schloessle.de\/gallerie\/"},{"@type":"ListItem","position":3,"name":"VIDEO"}]},{"@type":"WebSite","@id":"https:\/\/montfort-schloessle.de\/#website","url":"https:\/\/montfort-schloessle.de\/","name":"Montfort Schl\u00f6ssle","description":"Hotel, Gasthof, Uebernachtung","potentialAction":[{"@type":"SearchAction","target":{"@type":"EntryPoint","urlTemplate":"https:\/\/montfort-schloessle.de\/?s={search_term_string}"},"query-input":{"@type":"PropertyValueSpecification","valueRequired":true,"valueName":"search_term_string"}}],"inLanguage":"en-US"}]}},"_links":{"self":[{"href":"https:\/\/montfort-schloessle.de\/en\/wp-json\/wp\/v2\/pages\/3257","targetHints":{"allow":["GET"]}}],"collection":[{"href":"https:\/\/montfort-schloessle.de\/en\/wp-json\/wp\/v2\/pages"}],"about":[{"href":"https:\/\/montfort-schloessle.de\/en\/wp-json\/wp\/v2\/types\/page"}],"author":[{"embeddable":true,"href":"https:\/\/montfort-schloessle.de\/en\/wp-json\/wp\/v2\/users\/1"}],"replies":[{"embeddable":true,"href":"https:\/\/montfort-schloessle.de\/en\/wp-json\/wp\/v2\/comments?post=3257"}],"version-history":[{"count":5,"href":"https:\/\/montfort-schloessle.de\/en\/wp-json\/wp\/v2\/pages\/3257\/revisions"}],"predecessor-version":[{"id":6432,"href":"https:\/\/montfort-schloessle.de\/en\/wp-json\/wp\/v2\/pages\/3257\/revisions\/6432"}],"up":[{"embeddable":true,"href":"https:\/\/montfort-schloessle.de\/en\/wp-json\/wp\/v2\/pages\/4583"}],"wp:attachment":[{"href":"https:\/\/montfort-schloessle.de\/en\/wp-json\/wp\/v2\/media?parent=3257"}],"curies":[{"name":"wp","href":"https:\/\/api.w.org\/{rel}","templated":true}]}}